{"id":18579,"date":"2020-11-14T16:30:59","date_gmt":"2020-11-14T16:30:59","guid":{"rendered":"https:\/\/lebrac.es\/textil\/?post_type=product&#038;p=18579"},"modified":"2025-05-19T20:06:00","modified_gmt":"2025-05-19T20:06:00","slug":"jarron-de-cristal-estrella","status":"publish","type":"product","link":"https:\/\/lebrac.es\/textil\/comprar\/casa-decoracion\/jarron-de-cristal-estrella\/","title":{"rendered":"Jarr\u00f3n de cristal  Estrella"},"content":{"rendered":"<p>Jarr\u00f3n\/copa de cristal con estrella bordada.<\/p>\n<p>Opciones a elegir: color de la polipiel, color estrella.<\/p>\n<p>Medidas: 12,5&#215;20,7cm. (di\u00e1metro x altura)<\/p>\n<p>(No se incluyen accesorios de las fotos como flores, velas&#8230;)<\/p>\n<p>&nbsp;<\/p>\n","protected":false},"excerpt":{"rendered":"<p>Jarr\u00f3n \/ Copa de cristal con cinta polipiel personalizada con Estrella bordada.<\/p>\n<p>Tama\u00f1o 12,5&#215;20,7cm.<\/p>\n<p>Elige tu estrella: ORO \u00f3 PLATA.<\/p>\n<p>Ideal como regalo de agradecimiento, aniversario, cumplea\u00f1os o un detalle \u00fanico para tu casa.<\/p>\n<p>Decora&#8230;Regala!<\/p>\n","protected":false},"featured_media":18573,"comment_status":"open","ping_status":"closed","template":"","meta":{"_monsterinsights_skip_tracking":false,"_monsterinsights_sitenote_active":false,"_monsterinsights_sitenote_note":"","_monsterinsights_sitenote_category":0,"jetpack_post_was_ever_published":false,"jetpack_publicize_message":"","jetpack_is_tweetstorm":false,"jetpack_publicize_feature_enabled":true,"jetpack_social_post_already_shared":true,"jetpack_social_options":{"image_generator_settings":{"template":"highway","enabled":false}}},"product_cat":[20],"product_tag":[57,54,55,47],"jetpack_publicize_connections":[],"yoast_head":"<!-- This site is optimized with the Yoast SEO plugin v20.7 - https:\/\/yoast.com\/wordpress\/plugins\/seo\/ -->\n<title>Jarr\u00f3n de cristal Estrella - Lebrac<\/title>\n<meta name=\"robots\" content=\"index, follow, max-snippet:-1, max-image-preview:large, max-video-preview:-1\" \/>\n<link rel=\"canonical\" href=\"https:\/\/lebrac.es\/textil\/comprar\/casa-decoracion\/jarron-de-cristal-estrella\/\" \/>\n<meta property=\"og:locale\" content=\"es_ES\" \/>\n<meta property=\"og:type\" content=\"article\" \/>\n<meta property=\"og:title\" content=\"Jarr\u00f3n de cristal Estrella - Lebrac\" \/>\n<meta property=\"og:description\" content=\"Jarr\u00f3n \/ Copa de cristal con cinta polipiel personalizada con Estrella bordada.  Tama\u00f1o 12,5x20,7cm.  Elige tu estrella: ORO \u00f3 PLATA.  Ideal como regalo de agradecimiento, aniversario, cumplea\u00f1os o un detalle \u00fanico para tu casa.  Decora...Regala!\" \/>\n<meta property=\"og:url\" content=\"https:\/\/lebrac.es\/textil\/comprar\/casa-decoracion\/jarron-de-cristal-estrella\/\" \/>\n<meta property=\"og:site_name\" content=\"Lebrac\" \/>\n<meta property=\"article:modified_time\" content=\"2025-05-19T20:06:00+00:00\" \/>\n<meta property=\"og:image\" content=\"https:\/\/lebrac.es\/textil\/wp-content\/uploads\/2020\/11\/img20201113132700_fotor-scaled.jpg\" \/>\n\t<meta property=\"og:image:width\" content=\"2560\" \/>\n\t<meta property=\"og:image:height\" content=\"2560\" \/>\n\t<meta property=\"og:image:type\" content=\"image\/jpeg\" \/>\n<meta name=\"twitter:card\" content=\"summary_large_image\" \/>\n<meta name=\"twitter:label1\" content=\"Tiempo de lectura\" \/>\n\t<meta name=\"twitter:data1\" content=\"1 minuto\" \/>\n<script type=\"application\/ld+json\" class=\"yoast-schema-graph\">{\"@context\":\"https:\/\/schema.org\",\"@graph\":[{\"@type\":\"WebPage\",\"@id\":\"https:\/\/lebrac.es\/textil\/comprar\/casa-decoracion\/jarron-de-cristal-estrella\/\",\"url\":\"https:\/\/lebrac.es\/textil\/comprar\/casa-decoracion\/jarron-de-cristal-estrella\/\",\"name\":\"Jarr\u00f3n de cristal Estrella - Lebrac\",\"isPartOf\":{\"@id\":\"https:\/\/lebrac.es\/textil\/#website\"},\"datePublished\":\"2020-11-14T16:30:59+00:00\",\"dateModified\":\"2025-05-19T20:06:00+00:00\",\"breadcrumb\":{\"@id\":\"https:\/\/lebrac.es\/textil\/comprar\/casa-decoracion\/jarron-de-cristal-estrella\/#breadcrumb\"},\"inLanguage\":\"es\",\"potentialAction\":[{\"@type\":\"ReadAction\",\"target\":[\"https:\/\/lebrac.es\/textil\/comprar\/casa-decoracion\/jarron-de-cristal-estrella\/\"]}]},{\"@type\":\"BreadcrumbList\",\"@id\":\"https:\/\/lebrac.es\/textil\/comprar\/casa-decoracion\/jarron-de-cristal-estrella\/#breadcrumb\",\"itemListElement\":[{\"@type\":\"ListItem\",\"position\":1,\"name\":\"Portada\",\"item\":\"https:\/\/lebrac.es\/textil\/\"},{\"@type\":\"ListItem\",\"position\":2,\"name\":\"Tienda\",\"item\":\"https:\/\/lebrac.es\/textil\/tienda\/\"},{\"@type\":\"ListItem\",\"position\":3,\"name\":\"Jarr\u00f3n de cristal Estrella\"}]},{\"@type\":\"WebSite\",\"@id\":\"https:\/\/lebrac.es\/textil\/#website\",\"url\":\"https:\/\/lebrac.es\/textil\/\",\"name\":\"Lebrac\",\"description\":\"Personalizaci\u00f3n textil, Bordados, campa\u00f1as publicitarias\",\"potentialAction\":[{\"@type\":\"SearchAction\",\"target\":{\"@type\":\"EntryPoint\",\"urlTemplate\":\"https:\/\/lebrac.es\/textil\/?s={search_term_string}\"},\"query-input\":\"required name=search_term_string\"}],\"inLanguage\":\"es\"}]}<\/script>\n<!-- \/ Yoast SEO plugin. -->","yoast_head_json":{"title":"Jarr\u00f3n de cristal Estrella - Lebrac","robots":{"index":"index","follow":"follow","max-snippet":"max-snippet:-1","max-image-preview":"max-image-preview:large","max-video-preview":"max-video-preview:-1"},"canonical":"https:\/\/lebrac.es\/textil\/comprar\/casa-decoracion\/jarron-de-cristal-estrella\/","og_locale":"es_ES","og_type":"article","og_title":"Jarr\u00f3n de cristal Estrella - Lebrac","og_description":"Jarr\u00f3n \/ Copa de cristal con cinta polipiel personalizada con Estrella bordada.  Tama\u00f1o 12,5x20,7cm.  Elige tu estrella: ORO \u00f3 PLATA.  Ideal como regalo de agradecimiento, aniversario, cumplea\u00f1os o un detalle \u00fanico para tu casa.  Decora...Regala!","og_url":"https:\/\/lebrac.es\/textil\/comprar\/casa-decoracion\/jarron-de-cristal-estrella\/","og_site_name":"Lebrac","article_modified_time":"2025-05-19T20:06:00+00:00","og_image":[{"width":2560,"height":2560,"url":"https:\/\/lebrac.es\/textil\/wp-content\/uploads\/2020\/11\/img20201113132700_fotor-scaled.jpg","type":"image\/jpeg"}],"twitter_card":"summary_large_image","twitter_misc":{"Tiempo de lectura":"1 minuto"},"schema":{"@context":"https:\/\/schema.org","@graph":[{"@type":"WebPage","@id":"https:\/\/lebrac.es\/textil\/comprar\/casa-decoracion\/jarron-de-cristal-estrella\/","url":"https:\/\/lebrac.es\/textil\/comprar\/casa-decoracion\/jarron-de-cristal-estrella\/","name":"Jarr\u00f3n de cristal Estrella - Lebrac","isPartOf":{"@id":"https:\/\/lebrac.es\/textil\/#website"},"datePublished":"2020-11-14T16:30:59+00:00","dateModified":"2025-05-19T20:06:00+00:00","breadcrumb":{"@id":"https:\/\/lebrac.es\/textil\/comprar\/casa-decoracion\/jarron-de-cristal-estrella\/#breadcrumb"},"inLanguage":"es","potentialAction":[{"@type":"ReadAction","target":["https:\/\/lebrac.es\/textil\/comprar\/casa-decoracion\/jarron-de-cristal-estrella\/"]}]},{"@type":"BreadcrumbList","@id":"https:\/\/lebrac.es\/textil\/comprar\/casa-decoracion\/jarron-de-cristal-estrella\/#breadcrumb","itemListElement":[{"@type":"ListItem","position":1,"name":"Portada","item":"https:\/\/lebrac.es\/textil\/"},{"@type":"ListItem","position":2,"name":"Tienda","item":"https:\/\/lebrac.es\/textil\/tienda\/"},{"@type":"ListItem","position":3,"name":"Jarr\u00f3n de cristal Estrella"}]},{"@type":"WebSite","@id":"https:\/\/lebrac.es\/textil\/#website","url":"https:\/\/lebrac.es\/textil\/","name":"Lebrac","description":"Personalizaci\u00f3n textil, Bordados, campa\u00f1as publicitarias","potentialAction":[{"@type":"SearchAction","target":{"@type":"EntryPoint","urlTemplate":"https:\/\/lebrac.es\/textil\/?s={search_term_string}"},"query-input":"required name=search_term_string"}],"inLanguage":"es"}]}},"jetpack_sharing_enabled":true,"_links":{"self":[{"href":"https:\/\/lebrac.es\/textil\/wp-json\/wp\/v2\/product\/18579"}],"collection":[{"href":"https:\/\/lebrac.es\/textil\/wp-json\/wp\/v2\/product"}],"about":[{"href":"https:\/\/lebrac.es\/textil\/wp-json\/wp\/v2\/types\/product"}],"replies":[{"embeddable":true,"href":"https:\/\/lebrac.es\/textil\/wp-json\/wp\/v2\/comments?post=18579"}],"wp:featuredmedia":[{"embeddable":true,"href":"https:\/\/lebrac.es\/textil\/wp-json\/wp\/v2\/media\/18573"}],"wp:attachment":[{"href":"https:\/\/lebrac.es\/textil\/wp-json\/wp\/v2\/media?parent=18579"}],"wp:term":[{"taxonomy":"product_cat","embeddable":true,"href":"https:\/\/lebrac.es\/textil\/wp-json\/wp\/v2\/product_cat?post=18579"},{"taxonomy":"product_tag","embeddable":true,"href":"https:\/\/lebrac.es\/textil\/wp-json\/wp\/v2\/product_tag?post=18579"}],"curies":[{"name":"wp","href":"https:\/\/api.w.org\/{rel}","templated":true}]}}