{"id":18133,"date":"2019-10-11T17:39:10","date_gmt":"2019-10-11T17:39:10","guid":{"rendered":"https:\/\/lebrac.es\/textil\/?post_type=product&#038;p=18133"},"modified":"2025-05-19T20:07:33","modified_gmt":"2025-05-19T20:07:33","slug":"cojin-monogram","status":"publish","type":"product","link":"https:\/\/lebrac.es\/textil\/comprar\/hombre\/cojin-monogram\/","title":{"rendered":"Coj\u00edn Monogram"},"content":{"rendered":"<p>Funda de Coj\u00edn con cremallera y relleno.<\/p>\n<p>Medidas: 40x40cm.<\/p>\n<p>&nbsp;<\/p>\n<p>&nbsp;<\/p>\n","protected":false},"excerpt":{"rendered":"<p>Coj\u00edn color crudo personalizado con tus iniciales (incluye relleno)<\/p>\n<p><strong>Personal\u00edzalo<\/strong> con tus iniciales bordadas en <strong>Monogram Cl\u00e1sico o Recto\u00a0<\/strong>en dos tonos complementarios.<\/p>\n<p>Ideal como regalo de agradecimiento, aniversario, cumplea\u00f1os o un detalle \u00fanico para tu casa.<\/p>\n<p>Tama\u00f1o 40x40cm.<\/p>\n<p>Contenido: Funda coj\u00edn personalizada + relleno<\/p>\n","protected":false},"featured_media":18134,"comment_status":"open","ping_status":"closed","template":"","meta":{"_monsterinsights_skip_tracking":false,"_monsterinsights_sitenote_active":false,"_monsterinsights_sitenote_note":"","_monsterinsights_sitenote_category":0,"jetpack_post_was_ever_published":false,"jetpack_publicize_message":"","jetpack_is_tweetstorm":false,"jetpack_publicize_feature_enabled":true,"jetpack_social_post_already_shared":true,"jetpack_social_options":{"image_generator_settings":{"template":"highway","enabled":false}}},"product_cat":[15,20],"product_tag":[57,54],"jetpack_publicize_connections":[],"yoast_head":"<!-- This site is optimized with the Yoast SEO plugin v20.7 - https:\/\/yoast.com\/wordpress\/plugins\/seo\/ -->\n<title>Coj\u00edn Monogram - Lebrac<\/title>\n<meta name=\"robots\" content=\"index, follow, max-snippet:-1, max-image-preview:large, max-video-preview:-1\" \/>\n<link rel=\"canonical\" href=\"https:\/\/lebrac.es\/textil\/comprar\/hombre\/cojin-monogram\/\" \/>\n<meta property=\"og:locale\" content=\"es_ES\" \/>\n<meta property=\"og:type\" content=\"article\" \/>\n<meta property=\"og:title\" content=\"Coj\u00edn Monogram - Lebrac\" \/>\n<meta property=\"og:description\" content=\"Coj\u00edn color crudo personalizado con tus iniciales (incluye relleno)  Personal\u00edzalo con tus iniciales bordadas en Monogram Cl\u00e1sico o Recto\u00a0en dos tonos complementarios.  Ideal como regalo de agradecimiento, aniversario, cumplea\u00f1os o un detalle \u00fanico para tu casa.  Tama\u00f1o 40x40cm.  Contenido: Funda coj\u00edn personalizada + relleno\" \/>\n<meta property=\"og:url\" content=\"https:\/\/lebrac.es\/textil\/comprar\/hombre\/cojin-monogram\/\" \/>\n<meta property=\"og:site_name\" content=\"Lebrac\" \/>\n<meta property=\"article:modified_time\" content=\"2025-05-19T20:07:33+00:00\" \/>\n<meta property=\"og:image\" content=\"https:\/\/lebrac.es\/textil\/wp-content\/uploads\/2019\/10\/img-20191011-wa0009.jpg\" \/>\n\t<meta property=\"og:image:width\" content=\"768\" \/>\n\t<meta property=\"og:image:height\" content=\"1024\" \/>\n\t<meta property=\"og:image:type\" content=\"image\/jpeg\" \/>\n<meta name=\"twitter:card\" content=\"summary_large_image\" \/>\n<script type=\"application\/ld+json\" class=\"yoast-schema-graph\">{\"@context\":\"https:\/\/schema.org\",\"@graph\":[{\"@type\":\"WebPage\",\"@id\":\"https:\/\/lebrac.es\/textil\/comprar\/hombre\/cojin-monogram\/\",\"url\":\"https:\/\/lebrac.es\/textil\/comprar\/hombre\/cojin-monogram\/\",\"name\":\"Coj\u00edn Monogram - Lebrac\",\"isPartOf\":{\"@id\":\"https:\/\/lebrac.es\/textil\/#website\"},\"datePublished\":\"2019-10-11T17:39:10+00:00\",\"dateModified\":\"2025-05-19T20:07:33+00:00\",\"breadcrumb\":{\"@id\":\"https:\/\/lebrac.es\/textil\/comprar\/hombre\/cojin-monogram\/#breadcrumb\"},\"inLanguage\":\"es\",\"potentialAction\":[{\"@type\":\"ReadAction\",\"target\":[\"https:\/\/lebrac.es\/textil\/comprar\/hombre\/cojin-monogram\/\"]}]},{\"@type\":\"BreadcrumbList\",\"@id\":\"https:\/\/lebrac.es\/textil\/comprar\/hombre\/cojin-monogram\/#breadcrumb\",\"itemListElement\":[{\"@type\":\"ListItem\",\"position\":1,\"name\":\"Portada\",\"item\":\"https:\/\/lebrac.es\/textil\/\"},{\"@type\":\"ListItem\",\"position\":2,\"name\":\"Tienda\",\"item\":\"https:\/\/lebrac.es\/textil\/tienda\/\"},{\"@type\":\"ListItem\",\"position\":3,\"name\":\"Coj\u00edn Monogram\"}]},{\"@type\":\"WebSite\",\"@id\":\"https:\/\/lebrac.es\/textil\/#website\",\"url\":\"https:\/\/lebrac.es\/textil\/\",\"name\":\"Lebrac\",\"description\":\"Personalizaci\u00f3n textil, Bordados, campa\u00f1as publicitarias\",\"potentialAction\":[{\"@type\":\"SearchAction\",\"target\":{\"@type\":\"EntryPoint\",\"urlTemplate\":\"https:\/\/lebrac.es\/textil\/?s={search_term_string}\"},\"query-input\":\"required name=search_term_string\"}],\"inLanguage\":\"es\"}]}<\/script>\n<!-- \/ Yoast SEO plugin. -->","yoast_head_json":{"title":"Coj\u00edn Monogram - Lebrac","robots":{"index":"index","follow":"follow","max-snippet":"max-snippet:-1","max-image-preview":"max-image-preview:large","max-video-preview":"max-video-preview:-1"},"canonical":"https:\/\/lebrac.es\/textil\/comprar\/hombre\/cojin-monogram\/","og_locale":"es_ES","og_type":"article","og_title":"Coj\u00edn Monogram - Lebrac","og_description":"Coj\u00edn color crudo personalizado con tus iniciales (incluye relleno)  Personal\u00edzalo con tus iniciales bordadas en Monogram Cl\u00e1sico o Recto\u00a0en dos tonos complementarios.  Ideal como regalo de agradecimiento, aniversario, cumplea\u00f1os o un detalle \u00fanico para tu casa.  Tama\u00f1o 40x40cm.  Contenido: Funda coj\u00edn personalizada + relleno","og_url":"https:\/\/lebrac.es\/textil\/comprar\/hombre\/cojin-monogram\/","og_site_name":"Lebrac","article_modified_time":"2025-05-19T20:07:33+00:00","og_image":[{"width":768,"height":1024,"url":"https:\/\/lebrac.es\/textil\/wp-content\/uploads\/2019\/10\/img-20191011-wa0009.jpg","type":"image\/jpeg"}],"twitter_card":"summary_large_image","schema":{"@context":"https:\/\/schema.org","@graph":[{"@type":"WebPage","@id":"https:\/\/lebrac.es\/textil\/comprar\/hombre\/cojin-monogram\/","url":"https:\/\/lebrac.es\/textil\/comprar\/hombre\/cojin-monogram\/","name":"Coj\u00edn Monogram - Lebrac","isPartOf":{"@id":"https:\/\/lebrac.es\/textil\/#website"},"datePublished":"2019-10-11T17:39:10+00:00","dateModified":"2025-05-19T20:07:33+00:00","breadcrumb":{"@id":"https:\/\/lebrac.es\/textil\/comprar\/hombre\/cojin-monogram\/#breadcrumb"},"inLanguage":"es","potentialAction":[{"@type":"ReadAction","target":["https:\/\/lebrac.es\/textil\/comprar\/hombre\/cojin-monogram\/"]}]},{"@type":"BreadcrumbList","@id":"https:\/\/lebrac.es\/textil\/comprar\/hombre\/cojin-monogram\/#breadcrumb","itemListElement":[{"@type":"ListItem","position":1,"name":"Portada","item":"https:\/\/lebrac.es\/textil\/"},{"@type":"ListItem","position":2,"name":"Tienda","item":"https:\/\/lebrac.es\/textil\/tienda\/"},{"@type":"ListItem","position":3,"name":"Coj\u00edn Monogram"}]},{"@type":"WebSite","@id":"https:\/\/lebrac.es\/textil\/#website","url":"https:\/\/lebrac.es\/textil\/","name":"Lebrac","description":"Personalizaci\u00f3n textil, Bordados, campa\u00f1as publicitarias","potentialAction":[{"@type":"SearchAction","target":{"@type":"EntryPoint","urlTemplate":"https:\/\/lebrac.es\/textil\/?s={search_term_string}"},"query-input":"required name=search_term_string"}],"inLanguage":"es"}]}},"jetpack_sharing_enabled":true,"_links":{"self":[{"href":"https:\/\/lebrac.es\/textil\/wp-json\/wp\/v2\/product\/18133"}],"collection":[{"href":"https:\/\/lebrac.es\/textil\/wp-json\/wp\/v2\/product"}],"about":[{"href":"https:\/\/lebrac.es\/textil\/wp-json\/wp\/v2\/types\/product"}],"replies":[{"embeddable":true,"href":"https:\/\/lebrac.es\/textil\/wp-json\/wp\/v2\/comments?post=18133"}],"wp:featuredmedia":[{"embeddable":true,"href":"https:\/\/lebrac.es\/textil\/wp-json\/wp\/v2\/media\/18134"}],"wp:attachment":[{"href":"https:\/\/lebrac.es\/textil\/wp-json\/wp\/v2\/media?parent=18133"}],"wp:term":[{"taxonomy":"product_cat","embeddable":true,"href":"https:\/\/lebrac.es\/textil\/wp-json\/wp\/v2\/product_cat?post=18133"},{"taxonomy":"product_tag","embeddable":true,"href":"https:\/\/lebrac.es\/textil\/wp-json\/wp\/v2\/product_tag?post=18133"}],"curies":[{"name":"wp","href":"https:\/\/api.w.org\/{rel}","templated":true}]}}