{"id":16708,"date":"2019-05-13T22:33:29","date_gmt":"2019-05-13T22:33:29","guid":{"rendered":"https:\/\/lebrac.es\/textil\/?post_type=product&#038;p=16708"},"modified":"2025-05-19T20:09:18","modified_gmt":"2025-05-19T20:09:18","slug":"mikado-citronella-500ml","status":"publish","type":"product","link":"https:\/\/lebrac.es\/textil\/comprar\/casa-decoracion\/mikado-citronella-500ml\/","title":{"rendered":"Mikado Citronella 500ml."},"content":{"rendered":"<p>Mikado Citronella 500ml.: Citronella de Java, eucalipto, aceites esenciales de naranja y lim\u00f3n sobre base de almizcle blanco.<\/p>\n<p>Opciones a elegir: color de la polipiel, texto a bordar y color del texto.<\/p>\n<p>Medidas: 20&#215;8,5cm.<\/p>\n<p>Contenido: 500ml.<\/p>\n<p>Letra Normal:<\/p>\n<p><img decoding=\"async\" loading=\"lazy\" class=\"alignnone size-full wp-image-193\" src=\"https:\/\/i0.wp.com\/lebrac.es\/textil\/wp-content\/uploads\/2018\/07\/tipos-de-letra-para-bordados-natalia.jpg?resize=900%2C514&#038;ssl=1\" alt=\"tipos de letra para bordados natalia\" width=\"900\" height=\"514\" srcset=\"https:\/\/i0.wp.com\/lebrac.es\/textil\/wp-content\/uploads\/2018\/07\/tipos-de-letra-para-bordados-natalia.jpg?w=900&amp;ssl=1 900w, https:\/\/i0.wp.com\/lebrac.es\/textil\/wp-content\/uploads\/2018\/07\/tipos-de-letra-para-bordados-natalia.jpg?resize=300%2C171&amp;ssl=1 300w, https:\/\/i0.wp.com\/lebrac.es\/textil\/wp-content\/uploads\/2018\/07\/tipos-de-letra-para-bordados-natalia.jpg?resize=768%2C439&amp;ssl=1 768w\" sizes=\"(max-width: 900px) 100vw, 900px\" data-recalc-dims=\"1\" \/><\/p>\n<p>&nbsp;<\/p>\n<p>&nbsp;<\/p>\n","protected":false},"excerpt":{"rendered":"<p>Mikado Citronella 500ml.: una mezcla de citronella de Java y eucalipto con una combinaci\u00f3n de aceites esenciales de naranja y lim\u00f3n sobre base de almizcle blanco.<\/p>\n<p>La citronella es una planta conocida por sus propiedades como <strong>repelente de mosquitos<\/strong>, adem\u00e1s con sus aceites esenciales proporciona un agradable olor en la estancia.<\/p>\n<p>Para las noches de verano, terrazas, jardines, porches, &#8230;<\/p>\n<p><strong>Personal\u00edzalo<\/strong> con tus iniciales bordadas en <strong>Monogram Cl\u00e1sico o recto\u00a0<\/strong>en dos tonos complementarios (foto principal de producto, polipiel blanco y letras color beige).<\/p>\n<p>Ideal como regalo de agradecimiento, aniversario, cumplea\u00f1os o un detalle \u00fanico para tu casa.<\/p>\n<p>Tama\u00f1o 20&#215;8,5cm.<\/p>\n<p>Contenido: 500ml.<\/p>\n","protected":false},"featured_media":17999,"comment_status":"open","ping_status":"closed","template":"","meta":{"_monsterinsights_skip_tracking":false,"_monsterinsights_sitenote_active":false,"_monsterinsights_sitenote_note":"","_monsterinsights_sitenote_category":0,"jetpack_post_was_ever_published":false,"jetpack_publicize_message":"","jetpack_is_tweetstorm":false,"jetpack_publicize_feature_enabled":true,"jetpack_social_post_already_shared":true,"jetpack_social_options":{"image_generator_settings":{"template":"highway","enabled":false}}},"product_cat":[32,20],"product_tag":[57,84,54,85,56,55,47],"jetpack_publicize_connections":[],"yoast_head":"<!-- This site is optimized with the Yoast SEO plugin v20.7 - https:\/\/yoast.com\/wordpress\/plugins\/seo\/ -->\n<title>Mikado Citronella 500ml. - Lebrac<\/title>\n<meta name=\"robots\" content=\"index, follow, max-snippet:-1, max-image-preview:large, max-video-preview:-1\" \/>\n<link rel=\"canonical\" href=\"https:\/\/lebrac.es\/textil\/comprar\/casa-decoracion\/mikado-citronella-500ml\/\" \/>\n<meta property=\"og:locale\" content=\"es_ES\" \/>\n<meta property=\"og:type\" content=\"article\" \/>\n<meta property=\"og:title\" content=\"Mikado Citronella 500ml. - Lebrac\" \/>\n<meta property=\"og:description\" content=\"Mikado Citronella 500ml.: una mezcla de citronella de Java y eucalipto con una combinaci\u00f3n de aceites esenciales de naranja y lim\u00f3n sobre base de almizcle blanco.  La citronella es una planta conocida por sus propiedades como repelente de mosquitos, adem\u00e1s con sus aceites esenciales proporciona un agradable olor en la estancia.  Para las noches de verano, terrazas, jardines, porches, ...  Personal\u00edzalo con tus iniciales bordadas en Monogram Cl\u00e1sico o recto\u00a0en dos tonos complementarios (foto principal de producto, polipiel blanco y letras color beige).  Ideal como regalo de agradecimiento, aniversario, cumplea\u00f1os o un detalle \u00fanico para tu casa.  Tama\u00f1o 20x8,5cm.  Contenido: 500ml.\" \/>\n<meta property=\"og:url\" content=\"https:\/\/lebrac.es\/textil\/comprar\/casa-decoracion\/mikado-citronella-500ml\/\" \/>\n<meta property=\"og:site_name\" content=\"Lebrac\" \/>\n<meta property=\"article:modified_time\" content=\"2025-05-19T20:09:18+00:00\" \/>\n<meta property=\"og:image\" content=\"https:\/\/lebrac.es\/textil\/wp-content\/uploads\/2019\/05\/img-20190513-wa0024.jpg\" \/>\n\t<meta property=\"og:image:width\" content=\"1200\" \/>\n\t<meta property=\"og:image:height\" content=\"1600\" \/>\n\t<meta property=\"og:image:type\" content=\"image\/jpeg\" \/>\n<meta name=\"twitter:card\" content=\"summary_large_image\" \/>\n<meta name=\"twitter:label1\" content=\"Tiempo de lectura\" \/>\n\t<meta name=\"twitter:data1\" content=\"1 minuto\" \/>\n<script type=\"application\/ld+json\" class=\"yoast-schema-graph\">{\"@context\":\"https:\/\/schema.org\",\"@graph\":[{\"@type\":\"WebPage\",\"@id\":\"https:\/\/lebrac.es\/textil\/comprar\/casa-decoracion\/mikado-citronella-500ml\/\",\"url\":\"https:\/\/lebrac.es\/textil\/comprar\/casa-decoracion\/mikado-citronella-500ml\/\",\"name\":\"Mikado Citronella 500ml. - Lebrac\",\"isPartOf\":{\"@id\":\"https:\/\/lebrac.es\/textil\/#website\"},\"datePublished\":\"2019-05-13T22:33:29+00:00\",\"dateModified\":\"2025-05-19T20:09:18+00:00\",\"breadcrumb\":{\"@id\":\"https:\/\/lebrac.es\/textil\/comprar\/casa-decoracion\/mikado-citronella-500ml\/#breadcrumb\"},\"inLanguage\":\"es\",\"potentialAction\":[{\"@type\":\"ReadAction\",\"target\":[\"https:\/\/lebrac.es\/textil\/comprar\/casa-decoracion\/mikado-citronella-500ml\/\"]}]},{\"@type\":\"BreadcrumbList\",\"@id\":\"https:\/\/lebrac.es\/textil\/comprar\/casa-decoracion\/mikado-citronella-500ml\/#breadcrumb\",\"itemListElement\":[{\"@type\":\"ListItem\",\"position\":1,\"name\":\"Portada\",\"item\":\"https:\/\/lebrac.es\/textil\/\"},{\"@type\":\"ListItem\",\"position\":2,\"name\":\"Tienda\",\"item\":\"https:\/\/lebrac.es\/textil\/tienda\/\"},{\"@type\":\"ListItem\",\"position\":3,\"name\":\"Mikado Citronella 500ml.\"}]},{\"@type\":\"WebSite\",\"@id\":\"https:\/\/lebrac.es\/textil\/#website\",\"url\":\"https:\/\/lebrac.es\/textil\/\",\"name\":\"Lebrac\",\"description\":\"Personalizaci\u00f3n textil, Bordados, campa\u00f1as publicitarias\",\"potentialAction\":[{\"@type\":\"SearchAction\",\"target\":{\"@type\":\"EntryPoint\",\"urlTemplate\":\"https:\/\/lebrac.es\/textil\/?s={search_term_string}\"},\"query-input\":\"required name=search_term_string\"}],\"inLanguage\":\"es\"}]}<\/script>\n<!-- \/ Yoast SEO plugin. -->","yoast_head_json":{"title":"Mikado Citronella 500ml. - Lebrac","robots":{"index":"index","follow":"follow","max-snippet":"max-snippet:-1","max-image-preview":"max-image-preview:large","max-video-preview":"max-video-preview:-1"},"canonical":"https:\/\/lebrac.es\/textil\/comprar\/casa-decoracion\/mikado-citronella-500ml\/","og_locale":"es_ES","og_type":"article","og_title":"Mikado Citronella 500ml. - Lebrac","og_description":"Mikado Citronella 500ml.: una mezcla de citronella de Java y eucalipto con una combinaci\u00f3n de aceites esenciales de naranja y lim\u00f3n sobre base de almizcle blanco.  La citronella es una planta conocida por sus propiedades como repelente de mosquitos, adem\u00e1s con sus aceites esenciales proporciona un agradable olor en la estancia.  Para las noches de verano, terrazas, jardines, porches, ...  Personal\u00edzalo con tus iniciales bordadas en Monogram Cl\u00e1sico o recto\u00a0en dos tonos complementarios (foto principal de producto, polipiel blanco y letras color beige).  Ideal como regalo de agradecimiento, aniversario, cumplea\u00f1os o un detalle \u00fanico para tu casa.  Tama\u00f1o 20x8,5cm.  Contenido: 500ml.","og_url":"https:\/\/lebrac.es\/textil\/comprar\/casa-decoracion\/mikado-citronella-500ml\/","og_site_name":"Lebrac","article_modified_time":"2025-05-19T20:09:18+00:00","og_image":[{"width":1200,"height":1600,"url":"https:\/\/lebrac.es\/textil\/wp-content\/uploads\/2019\/05\/img-20190513-wa0024.jpg","type":"image\/jpeg"}],"twitter_card":"summary_large_image","twitter_misc":{"Tiempo de lectura":"1 minuto"},"schema":{"@context":"https:\/\/schema.org","@graph":[{"@type":"WebPage","@id":"https:\/\/lebrac.es\/textil\/comprar\/casa-decoracion\/mikado-citronella-500ml\/","url":"https:\/\/lebrac.es\/textil\/comprar\/casa-decoracion\/mikado-citronella-500ml\/","name":"Mikado Citronella 500ml. - Lebrac","isPartOf":{"@id":"https:\/\/lebrac.es\/textil\/#website"},"datePublished":"2019-05-13T22:33:29+00:00","dateModified":"2025-05-19T20:09:18+00:00","breadcrumb":{"@id":"https:\/\/lebrac.es\/textil\/comprar\/casa-decoracion\/mikado-citronella-500ml\/#breadcrumb"},"inLanguage":"es","potentialAction":[{"@type":"ReadAction","target":["https:\/\/lebrac.es\/textil\/comprar\/casa-decoracion\/mikado-citronella-500ml\/"]}]},{"@type":"BreadcrumbList","@id":"https:\/\/lebrac.es\/textil\/comprar\/casa-decoracion\/mikado-citronella-500ml\/#breadcrumb","itemListElement":[{"@type":"ListItem","position":1,"name":"Portada","item":"https:\/\/lebrac.es\/textil\/"},{"@type":"ListItem","position":2,"name":"Tienda","item":"https:\/\/lebrac.es\/textil\/tienda\/"},{"@type":"ListItem","position":3,"name":"Mikado Citronella 500ml."}]},{"@type":"WebSite","@id":"https:\/\/lebrac.es\/textil\/#website","url":"https:\/\/lebrac.es\/textil\/","name":"Lebrac","description":"Personalizaci\u00f3n textil, Bordados, campa\u00f1as publicitarias","potentialAction":[{"@type":"SearchAction","target":{"@type":"EntryPoint","urlTemplate":"https:\/\/lebrac.es\/textil\/?s={search_term_string}"},"query-input":"required name=search_term_string"}],"inLanguage":"es"}]}},"jetpack_sharing_enabled":true,"_links":{"self":[{"href":"https:\/\/lebrac.es\/textil\/wp-json\/wp\/v2\/product\/16708"}],"collection":[{"href":"https:\/\/lebrac.es\/textil\/wp-json\/wp\/v2\/product"}],"about":[{"href":"https:\/\/lebrac.es\/textil\/wp-json\/wp\/v2\/types\/product"}],"replies":[{"embeddable":true,"href":"https:\/\/lebrac.es\/textil\/wp-json\/wp\/v2\/comments?post=16708"}],"wp:featuredmedia":[{"embeddable":true,"href":"https:\/\/lebrac.es\/textil\/wp-json\/wp\/v2\/media\/17999"}],"wp:attachment":[{"href":"https:\/\/lebrac.es\/textil\/wp-json\/wp\/v2\/media?parent=16708"}],"wp:term":[{"taxonomy":"product_cat","embeddable":true,"href":"https:\/\/lebrac.es\/textil\/wp-json\/wp\/v2\/product_cat?post=16708"},{"taxonomy":"product_tag","embeddable":true,"href":"https:\/\/lebrac.es\/textil\/wp-json\/wp\/v2\/product_tag?post=16708"}],"curies":[{"name":"wp","href":"https:\/\/api.w.org\/{rel}","templated":true}]}}