{"id":16655,"date":"2019-03-31T17:18:35","date_gmt":"2019-03-31T17:18:35","guid":{"rendered":"https:\/\/lebrac.es\/textil\/?post_type=product&#038;p=16655"},"modified":"2024-08-29T14:05:50","modified_gmt":"2024-08-29T14:05:50","slug":"lapiz-pompom","status":"publish","type":"product","link":"https:\/\/lebrac.es\/textil\/comprar\/llaveros\/lapiz-pompom\/","title":{"rendered":"L\u00e1piz Pompom"},"content":{"rendered":"<p>L\u00e1piz de madera de color negro con pomp\u00f3n colgante en distintos colores.<\/p>\n<p>Medidas: 17,5 cm.<\/p>\n","protected":false},"excerpt":{"rendered":"<p>L\u00e1piz de madera de color negro con pomp\u00f3n colgante en distintos colores.<\/p>\n<p>Ideal para regalar junto con el\u00a0<a href=\"https:\/\/lebrac.es\/textil\/comprar\/bolsitos\/estuche-colores\/\">estuche<\/a>\u00a0y osito.<\/p>\n<p>Medidas:\u00a017,5cm.<\/p>\n","protected":false},"featured_media":16656,"comment_status":"open","ping_status":"closed","template":"","meta":{"_monsterinsights_skip_tracking":false,"_monsterinsights_sitenote_active":false,"_monsterinsights_sitenote_note":"","_monsterinsights_sitenote_category":0,"jetpack_post_was_ever_published":false,"jetpack_publicize_message":"","jetpack_is_tweetstorm":false,"jetpack_publicize_feature_enabled":true,"jetpack_social_post_already_shared":true,"jetpack_social_options":{"image_generator_settings":{"template":"highway","enabled":false}}},"product_cat":[27],"product_tag":[36,38,40,39,37],"jetpack_publicize_connections":[],"yoast_head":"<!-- This site is optimized with the Yoast SEO plugin v20.7 - https:\/\/yoast.com\/wordpress\/plugins\/seo\/ -->\n<title>L\u00e1piz Pompom - Lebrac<\/title>\n<meta name=\"robots\" content=\"index, follow, max-snippet:-1, max-image-preview:large, max-video-preview:-1\" \/>\n<link rel=\"canonical\" href=\"https:\/\/lebrac.es\/textil\/comprar\/llaveros\/lapiz-pompom\/\" \/>\n<meta property=\"og:locale\" content=\"es_ES\" \/>\n<meta property=\"og:type\" content=\"article\" \/>\n<meta property=\"og:title\" content=\"L\u00e1piz Pompom - Lebrac\" \/>\n<meta property=\"og:description\" content=\"L\u00e1piz de madera de color negro con pomp\u00f3n colgante en distintos colores.  Ideal para regalar junto con el\u00a0estuche\u00a0y osito.  Medidas:\u00a017,5cm.\" \/>\n<meta property=\"og:url\" content=\"https:\/\/lebrac.es\/textil\/comprar\/llaveros\/lapiz-pompom\/\" \/>\n<meta property=\"og:site_name\" content=\"Lebrac\" \/>\n<meta property=\"article:modified_time\" content=\"2024-08-29T14:05:50+00:00\" \/>\n<meta property=\"og:image\" content=\"https:\/\/lebrac.es\/textil\/wp-content\/uploads\/2019\/03\/37532_3.jpg\" \/>\n\t<meta property=\"og:image:width\" content=\"1000\" \/>\n\t<meta property=\"og:image:height\" content=\"1000\" \/>\n\t<meta property=\"og:image:type\" content=\"image\/jpeg\" \/>\n<meta name=\"twitter:card\" content=\"summary_large_image\" \/>\n<script type=\"application\/ld+json\" class=\"yoast-schema-graph\">{\"@context\":\"https:\/\/schema.org\",\"@graph\":[{\"@type\":\"WebPage\",\"@id\":\"https:\/\/lebrac.es\/textil\/comprar\/llaveros\/lapiz-pompom\/\",\"url\":\"https:\/\/lebrac.es\/textil\/comprar\/llaveros\/lapiz-pompom\/\",\"name\":\"L\u00e1piz Pompom - Lebrac\",\"isPartOf\":{\"@id\":\"https:\/\/lebrac.es\/textil\/#website\"},\"datePublished\":\"2019-03-31T17:18:35+00:00\",\"dateModified\":\"2024-08-29T14:05:50+00:00\",\"breadcrumb\":{\"@id\":\"https:\/\/lebrac.es\/textil\/comprar\/llaveros\/lapiz-pompom\/#breadcrumb\"},\"inLanguage\":\"es\",\"potentialAction\":[{\"@type\":\"ReadAction\",\"target\":[\"https:\/\/lebrac.es\/textil\/comprar\/llaveros\/lapiz-pompom\/\"]}]},{\"@type\":\"BreadcrumbList\",\"@id\":\"https:\/\/lebrac.es\/textil\/comprar\/llaveros\/lapiz-pompom\/#breadcrumb\",\"itemListElement\":[{\"@type\":\"ListItem\",\"position\":1,\"name\":\"Portada\",\"item\":\"https:\/\/lebrac.es\/textil\/\"},{\"@type\":\"ListItem\",\"position\":2,\"name\":\"Tienda\",\"item\":\"https:\/\/lebrac.es\/textil\/tienda\/\"},{\"@type\":\"ListItem\",\"position\":3,\"name\":\"L\u00e1piz Pompom\"}]},{\"@type\":\"WebSite\",\"@id\":\"https:\/\/lebrac.es\/textil\/#website\",\"url\":\"https:\/\/lebrac.es\/textil\/\",\"name\":\"Lebrac\",\"description\":\"Personalizaci\u00f3n textil, Bordados, campa\u00f1as publicitarias\",\"potentialAction\":[{\"@type\":\"SearchAction\",\"target\":{\"@type\":\"EntryPoint\",\"urlTemplate\":\"https:\/\/lebrac.es\/textil\/?s={search_term_string}\"},\"query-input\":\"required name=search_term_string\"}],\"inLanguage\":\"es\"}]}<\/script>\n<!-- \/ Yoast SEO plugin. -->","yoast_head_json":{"title":"L\u00e1piz Pompom - Lebrac","robots":{"index":"index","follow":"follow","max-snippet":"max-snippet:-1","max-image-preview":"max-image-preview:large","max-video-preview":"max-video-preview:-1"},"canonical":"https:\/\/lebrac.es\/textil\/comprar\/llaveros\/lapiz-pompom\/","og_locale":"es_ES","og_type":"article","og_title":"L\u00e1piz Pompom - Lebrac","og_description":"L\u00e1piz de madera de color negro con pomp\u00f3n colgante en distintos colores.  Ideal para regalar junto con el\u00a0estuche\u00a0y osito.  Medidas:\u00a017,5cm.","og_url":"https:\/\/lebrac.es\/textil\/comprar\/llaveros\/lapiz-pompom\/","og_site_name":"Lebrac","article_modified_time":"2024-08-29T14:05:50+00:00","og_image":[{"width":1000,"height":1000,"url":"https:\/\/lebrac.es\/textil\/wp-content\/uploads\/2019\/03\/37532_3.jpg","type":"image\/jpeg"}],"twitter_card":"summary_large_image","schema":{"@context":"https:\/\/schema.org","@graph":[{"@type":"WebPage","@id":"https:\/\/lebrac.es\/textil\/comprar\/llaveros\/lapiz-pompom\/","url":"https:\/\/lebrac.es\/textil\/comprar\/llaveros\/lapiz-pompom\/","name":"L\u00e1piz Pompom - Lebrac","isPartOf":{"@id":"https:\/\/lebrac.es\/textil\/#website"},"datePublished":"2019-03-31T17:18:35+00:00","dateModified":"2024-08-29T14:05:50+00:00","breadcrumb":{"@id":"https:\/\/lebrac.es\/textil\/comprar\/llaveros\/lapiz-pompom\/#breadcrumb"},"inLanguage":"es","potentialAction":[{"@type":"ReadAction","target":["https:\/\/lebrac.es\/textil\/comprar\/llaveros\/lapiz-pompom\/"]}]},{"@type":"BreadcrumbList","@id":"https:\/\/lebrac.es\/textil\/comprar\/llaveros\/lapiz-pompom\/#breadcrumb","itemListElement":[{"@type":"ListItem","position":1,"name":"Portada","item":"https:\/\/lebrac.es\/textil\/"},{"@type":"ListItem","position":2,"name":"Tienda","item":"https:\/\/lebrac.es\/textil\/tienda\/"},{"@type":"ListItem","position":3,"name":"L\u00e1piz Pompom"}]},{"@type":"WebSite","@id":"https:\/\/lebrac.es\/textil\/#website","url":"https:\/\/lebrac.es\/textil\/","name":"Lebrac","description":"Personalizaci\u00f3n textil, Bordados, campa\u00f1as publicitarias","potentialAction":[{"@type":"SearchAction","target":{"@type":"EntryPoint","urlTemplate":"https:\/\/lebrac.es\/textil\/?s={search_term_string}"},"query-input":"required name=search_term_string"}],"inLanguage":"es"}]}},"jetpack_sharing_enabled":true,"_links":{"self":[{"href":"https:\/\/lebrac.es\/textil\/wp-json\/wp\/v2\/product\/16655"}],"collection":[{"href":"https:\/\/lebrac.es\/textil\/wp-json\/wp\/v2\/product"}],"about":[{"href":"https:\/\/lebrac.es\/textil\/wp-json\/wp\/v2\/types\/product"}],"replies":[{"embeddable":true,"href":"https:\/\/lebrac.es\/textil\/wp-json\/wp\/v2\/comments?post=16655"}],"wp:featuredmedia":[{"embeddable":true,"href":"https:\/\/lebrac.es\/textil\/wp-json\/wp\/v2\/media\/16656"}],"wp:attachment":[{"href":"https:\/\/lebrac.es\/textil\/wp-json\/wp\/v2\/media?parent=16655"}],"wp:term":[{"taxonomy":"product_cat","embeddable":true,"href":"https:\/\/lebrac.es\/textil\/wp-json\/wp\/v2\/product_cat?post=16655"},{"taxonomy":"product_tag","embeddable":true,"href":"https:\/\/lebrac.es\/textil\/wp-json\/wp\/v2\/product_tag?post=16655"}],"curies":[{"name":"wp","href":"https:\/\/api.w.org\/{rel}","templated":true}]}}