{"id":79,"date":"2018-06-26T10:10:36","date_gmt":"2018-06-26T10:10:36","guid":{"rendered":"https:\/\/lebrac.es\/textil\/?page_id=79"},"modified":"2018-08-23T09:08:25","modified_gmt":"2018-08-23T09:08:25","slug":"condiciones-de-uso-y-venta","status":"publish","type":"page","link":"https:\/\/lebrac.es\/textil\/condiciones-de-uso-y-venta\/","title":{"rendered":"Condiciones de uso y venta"},"content":{"rendered":"<section class=\"wpb-content-wrapper\">[vc_row animation=\u00bbfade-in\u00bb][vc_column][vc_column_text animation=\u00bbbottom-to-top\u00bb css=\u00bb.vc_custom_1535015302886{margin-bottom: 0px !important;}\u00bb]\n<h5>Cambios y devoluciones<\/h5>\n<p>Puesto que nuestros producto son personalizados, no se admitir\u00e1 el cambio o devoluci\u00f3n de ninguno de estos.<br \/>\nS\u00f3lo en los casos en\u00a0que\u00a0en el\u00a0momento de la entrega el producto no se ajuste a lo estipulado en las condiciones de confirmaci\u00f3n y env\u00edo del pedido, deber\u00e1 ponerse en contacto con nosotros de forma inmediata por medio de nuestro formulario de contacto facilitando los datos del producto o bien escribiendo un correo electr\u00f3nico a pedidos@lebrac.es, donde le indicaremos la forma de proceder.<br \/>\nUna vez recibido el pedido, cualquier reclamaci\u00f3n se har\u00e1 en un plazo m\u00e1ximo de cinco d\u00edas desde la recepci\u00f3n del producto. Nuestros productos van bordados uno a uno para el cliente y salen de nuestro taller en perfecto estado ya que han sido revisados previamente<\/p>\n<h5>Condiciones de env\u00edo<\/h5>\n<p>Para realizar un pedido, deber\u00e1 seguir el procedimiento de compra online y hacer clic en \u00abFinalizar compra\u00bb. Seguidamente, recibir\u00e1 un correo electr\u00f3nico confirmando su pedido. Su pedido estar\u00e1 disponible en un plazo de 5\/7 d\u00edas laborables desde el momento del pago. El encargo del pedido se deja en su totalidad pagado.<br \/>\nEsta p\u00e1gina web muestra ventanas de confirmaci\u00f3n en diversos apartados del proceso de compra que no permiten proseguir con el pedido si los datos no son proporcionados correctamente. Asimismo, esta p\u00e1gina web ofrece los detalles de todos los art\u00edculos que haya a\u00f1adido a su cesta durante el proceso de compra, de forma que, antes de realizar el pago, usted podr\u00e1 modificar los datos de su pedido.<br \/>\nEn caso de que detectase que se ha producido un error al introducir el pedido, relacionado con sus datos personales o personalizaci\u00f3n del producto, aportados durante el proceso de compra, podr\u00e1 subsanarlo contactando con nosotros trav\u00e9s de la direcci\u00f3n de correo electr\u00f3nico pedidos@lebrac.es<br \/>\nSi detectase un error en su pedido con posterioridad a la finalizaci\u00f3n del proceso de pago, deber\u00e1 ponerse en contacto de manera inmediata con nuestro servicio de atenci\u00f3n al cliente, en la direcci\u00f3n de correo electr\u00f3nico anteriormente mencionados, para rectificar el error.<\/p>\n<h5>Plazo de entrega<\/h5>\n<p>Salvo que existan circunstancias ajenas derivadas de la personalizaci\u00f3n de los productos, o se produzcan circunstancias imprevistas o extraordinarias, le enviaremos el pedido consistente en los producto\/s relacionados en cada Confirmaci\u00f3n de Env\u00edo en el plazo de 5\/7 d\u00edas laborables a contar desde la fecha de confirmaci\u00f3n y pago del pedido.<br \/>\nSi por alg\u00fan motivo no pudi\u00e9semos cumplir con la fecha de entrega, le informaremos de esta circunstancia y daremos las explicaciones pertinentes.<br \/>\nEn caso de necesitarlo antes del plazo mencionado anteriormente, existe un servicio EXPRESS el cual tendr\u00edan que ponerse en contacto con nosotros en el correo electr\u00f3nico pedidos@lebrac.es antes de realizar el pedido por nuestra tienda online.<\/p>\n<p>No se entregar\u00e1 NUNCA el pedido antes de plazo sin realizarlo por servicio express bajo ning\u00fan concepto y se proceder\u00e1 a continuar con los plazos estipulados anteriormente.<br \/>\nA efectos de las presentes Condiciones, se entender\u00e1 que se ha producido la \u00abentrega\u00bb o que el pedido ha sido \u00abentregado\u00bb en el momento en el que Ud. o un tercero acredite mediante su firma la recepci\u00f3n del pedido en la direcci\u00f3n de entrega convenida a trav\u00e9s de nuestra mensajer\u00eda Nacex para pedidos realizados en la pen\u00ednsula.<\/p>\n<h5>Precio y forma de pago<\/h5>\n<p>Los precios de la p\u00e1gina web incluyen IVA pero excluyen los gastos de env\u00edo, que se a\u00f1adir\u00e1n al importe total debido.<br \/>\nLos precios est\u00e1n sujetos a revisi\u00f3n, por lo que pueden cambiar en cualquier momento, lo cual no afectar\u00e1 a los pedidos ya confirmados.<br \/>\nEl tipo de IVA aplicable ser\u00e1 el legalmente vigente en cada momento (actualmente 21%).<br \/>\nPodr\u00e1 utilizar como medio de pago las tarjetas Visa, Mastercard o realizar el pago a trav\u00e9s de transferencia bancaria. Asimismo, podr\u00e1 pagar todo o parte del precio de su compra con una tarjeta de abono a su favor.<br \/>\nEl cargo se har\u00e1 en el momento que le confirmemos el pedido.<br \/>\nAl hacer clic en \u00abAutorizar Pago\u00bb Ud. est\u00e1 confirmando que la tarjeta de cr\u00e9dito es suya o que es el leg\u00edtimo poseedor de la tarjeta abono. Las tarjetas de cr\u00e9dito est\u00e1n sujetas a comprobaciones y autorizaciones por parte de la entidad emisora de las mismas, pero si dicha entidad no autorizase el pago, no nos haremos responsables por ning\u00fan retraso o falta de entrega y no podremos formalizar el pedido.<\/p>\n<h5>LIMITACI\u00d3N DE RESPONSABILIDAD<\/h5>\n<p>Efectuamos los mayores esfuerzos para asegurar la disponibilidad, sin interrupciones, de los Servicios de Lebrac Dise\u00f1o, S.L.,\u00a0 as\u00ed como la ausencia de errores en cualquier transmisi\u00f3n de informaci\u00f3n que pudiera tener lugar. No obstante, y debido a la naturaleza misma de Internet, no es posible garantizar tales extremos. Asimismo, tu acceso a los Servicios de Lebrac Dise\u00f1o, S.L. pudiera ocasionalmente verse suspendido o restringido a efectos de la realizaci\u00f3n de trabajos de reparaci\u00f3n o mantenimiento, o la introducci\u00f3n de nuevos productos o servicios.<\/p>\n<p>Lebrac Dise\u00f1o, S.L., no ser\u00e1 responsable de (i) cualesquiera p\u00e9rdidas que no fueran atribuibles a incumplimiento alguno por su parte, (ii) p\u00e9rdidas empresariales (incluyendo lucro cesante, de ingresos, de contratos, de ahorros previstos, de datos, p\u00e9rdida del fondo de comercio o gastos innecesarios incurridos), ni de (iii) cualesquiera p\u00e9rdidas indirectas o de car\u00e1cter consecuencial que no fueran razonablemente previsibles por ambas partes en el momento en que el usuario hubiera comenzado a utilizar los Servicios de Lebrac Dise\u00f1o, S.L. Tampoco seremos responsable de ninguna demora o falta de cumplimiento de nuestras obligaciones derivadas de las presentes condiciones si dicha demora o falta de cumplimiento fuera atribuible a circunstancias ajenas a nuestro control razonable. Esta disposici\u00f3n no afecta al derecho del cliente a recibir el producto o la prestaci\u00f3n del correspondiente servicio en un plazo razonable, o a recibir el oportuno reembolso para el caso de que no pudi\u00e9ramos suministrarle tales productos o servicios en un plazo razonable por cualquier causa ajena a nuestro control razonable.[\/vc_column_text][\/vc_column][\/vc_row]\n<\/section>","protected":false},"excerpt":{"rendered":"<p>[vc_row animation=\u00bbfade-in\u00bb][vc_column][vc_column_text animation=\u00bbbottom-to-top\u00bb css=\u00bb.vc_custom_1535015302886{margin-bottom: 0px !important;}\u00bb] Cambios y devoluciones Puesto que nuestros producto son personalizados, no se admitir\u00e1 el cambio o devoluci\u00f3n de ninguno de estos. S\u00f3lo en los casos en\u00a0que\u00a0en el\u00a0momento de la entrega el producto no se ajuste a lo estipulado en las condiciones de confirmaci\u00f3n y env\u00edo del pedido, deber\u00e1 ponerse en [&hellip;]<\/p>\n","protected":false},"author":1,"featured_media":0,"parent":0,"menu_order":0,"comment_status":"closed","ping_status":"closed","template":"","meta":{"_monsterinsights_skip_tracking":false,"_monsterinsights_sitenote_active":false,"_monsterinsights_sitenote_note":"","_monsterinsights_sitenote_category":0,"jetpack_post_was_ever_published":false},"yoast_head":"<!-- This site is optimized with the Yoast SEO plugin v20.7 - https:\/\/yoast.com\/wordpress\/plugins\/seo\/ -->\n<title>Condiciones de uso y venta - Lebrac<\/title>\n<meta name=\"robots\" content=\"noindex, nofollow\" \/>\n<meta property=\"og:locale\" content=\"es_ES\" \/>\n<meta property=\"og:type\" content=\"article\" \/>\n<meta property=\"og:title\" content=\"Condiciones de uso y venta - Lebrac\" \/>\n<meta property=\"og:description\" content=\"[vc_row animation=\u00bbfade-in\u00bb][vc_column][vc_column_text animation=\u00bbbottom-to-top\u00bb css=\u00bb.vc_custom_1535015302886{margin-bottom: 0px !important;}\u00bb] Cambios y devoluciones Puesto que nuestros producto son personalizados, no se admitir\u00e1 el cambio o devoluci\u00f3n de ninguno de estos. S\u00f3lo en los casos en\u00a0que\u00a0en el\u00a0momento de la entrega el producto no se ajuste a lo estipulado en las condiciones de confirmaci\u00f3n y env\u00edo del pedido, deber\u00e1 ponerse en [&hellip;]\" \/>\n<meta property=\"og:url\" content=\"https:\/\/lebrac.es\/textil\/condiciones-de-uso-y-venta\/\" \/>\n<meta property=\"og:site_name\" content=\"Lebrac\" \/>\n<meta property=\"article:modified_time\" content=\"2018-08-23T09:08:25+00:00\" \/>\n<meta name=\"twitter:card\" content=\"summary_large_image\" \/>\n<meta name=\"twitter:label1\" content=\"Tiempo de lectura\" \/>\n\t<meta name=\"twitter:data1\" content=\"5 minutos\" \/>\n<script type=\"application\/ld+json\" class=\"yoast-schema-graph\">{\"@context\":\"https:\/\/schema.org\",\"@graph\":[{\"@type\":\"WebPage\",\"@id\":\"https:\/\/lebrac.es\/textil\/condiciones-de-uso-y-venta\/\",\"url\":\"https:\/\/lebrac.es\/textil\/condiciones-de-uso-y-venta\/\",\"name\":\"Condiciones de uso y venta - Lebrac\",\"isPartOf\":{\"@id\":\"https:\/\/lebrac.es\/textil\/#website\"},\"datePublished\":\"2018-06-26T10:10:36+00:00\",\"dateModified\":\"2018-08-23T09:08:25+00:00\",\"breadcrumb\":{\"@id\":\"https:\/\/lebrac.es\/textil\/condiciones-de-uso-y-venta\/#breadcrumb\"},\"inLanguage\":\"es\",\"potentialAction\":[{\"@type\":\"ReadAction\",\"target\":[\"https:\/\/lebrac.es\/textil\/condiciones-de-uso-y-venta\/\"]}]},{\"@type\":\"BreadcrumbList\",\"@id\":\"https:\/\/lebrac.es\/textil\/condiciones-de-uso-y-venta\/#breadcrumb\",\"itemListElement\":[{\"@type\":\"ListItem\",\"position\":1,\"name\":\"Portada\",\"item\":\"https:\/\/lebrac.es\/textil\/\"},{\"@type\":\"ListItem\",\"position\":2,\"name\":\"Condiciones de uso y venta\"}]},{\"@type\":\"WebSite\",\"@id\":\"https:\/\/lebrac.es\/textil\/#website\",\"url\":\"https:\/\/lebrac.es\/textil\/\",\"name\":\"Lebrac\",\"description\":\"Personalizaci\u00f3n textil, Bordados, campa\u00f1as publicitarias\",\"potentialAction\":[{\"@type\":\"SearchAction\",\"target\":{\"@type\":\"EntryPoint\",\"urlTemplate\":\"https:\/\/lebrac.es\/textil\/?s={search_term_string}\"},\"query-input\":\"required name=search_term_string\"}],\"inLanguage\":\"es\"}]}<\/script>\n<!-- \/ Yoast SEO plugin. -->","yoast_head_json":{"title":"Condiciones de uso y venta - Lebrac","robots":{"index":"noindex","follow":"nofollow"},"og_locale":"es_ES","og_type":"article","og_title":"Condiciones de uso y venta - Lebrac","og_description":"[vc_row animation=\u00bbfade-in\u00bb][vc_column][vc_column_text animation=\u00bbbottom-to-top\u00bb css=\u00bb.vc_custom_1535015302886{margin-bottom: 0px !important;}\u00bb] Cambios y devoluciones Puesto que nuestros producto son personalizados, no se admitir\u00e1 el cambio o devoluci\u00f3n de ninguno de estos. S\u00f3lo en los casos en\u00a0que\u00a0en el\u00a0momento de la entrega el producto no se ajuste a lo estipulado en las condiciones de confirmaci\u00f3n y env\u00edo del pedido, deber\u00e1 ponerse en [&hellip;]","og_url":"https:\/\/lebrac.es\/textil\/condiciones-de-uso-y-venta\/","og_site_name":"Lebrac","article_modified_time":"2018-08-23T09:08:25+00:00","twitter_card":"summary_large_image","twitter_misc":{"Tiempo de lectura":"5 minutos"},"schema":{"@context":"https:\/\/schema.org","@graph":[{"@type":"WebPage","@id":"https:\/\/lebrac.es\/textil\/condiciones-de-uso-y-venta\/","url":"https:\/\/lebrac.es\/textil\/condiciones-de-uso-y-venta\/","name":"Condiciones de uso y venta - Lebrac","isPartOf":{"@id":"https:\/\/lebrac.es\/textil\/#website"},"datePublished":"2018-06-26T10:10:36+00:00","dateModified":"2018-08-23T09:08:25+00:00","breadcrumb":{"@id":"https:\/\/lebrac.es\/textil\/condiciones-de-uso-y-venta\/#breadcrumb"},"inLanguage":"es","potentialAction":[{"@type":"ReadAction","target":["https:\/\/lebrac.es\/textil\/condiciones-de-uso-y-venta\/"]}]},{"@type":"BreadcrumbList","@id":"https:\/\/lebrac.es\/textil\/condiciones-de-uso-y-venta\/#breadcrumb","itemListElement":[{"@type":"ListItem","position":1,"name":"Portada","item":"https:\/\/lebrac.es\/textil\/"},{"@type":"ListItem","position":2,"name":"Condiciones de uso y venta"}]},{"@type":"WebSite","@id":"https:\/\/lebrac.es\/textil\/#website","url":"https:\/\/lebrac.es\/textil\/","name":"Lebrac","description":"Personalizaci\u00f3n textil, Bordados, campa\u00f1as publicitarias","potentialAction":[{"@type":"SearchAction","target":{"@type":"EntryPoint","urlTemplate":"https:\/\/lebrac.es\/textil\/?s={search_term_string}"},"query-input":"required name=search_term_string"}],"inLanguage":"es"}]}},"jetpack_sharing_enabled":true,"jetpack_shortlink":"https:\/\/wp.me\/PacCca-1h","_links":{"self":[{"href":"https:\/\/lebrac.es\/textil\/wp-json\/wp\/v2\/pages\/79"}],"collection":[{"href":"https:\/\/lebrac.es\/textil\/wp-json\/wp\/v2\/pages"}],"about":[{"href":"https:\/\/lebrac.es\/textil\/wp-json\/wp\/v2\/types\/page"}],"author":[{"embeddable":true,"href":"https:\/\/lebrac.es\/textil\/wp-json\/wp\/v2\/users\/1"}],"replies":[{"embeddable":true,"href":"https:\/\/lebrac.es\/textil\/wp-json\/wp\/v2\/comments?post=79"}],"version-history":[{"count":6,"href":"https:\/\/lebrac.es\/textil\/wp-json\/wp\/v2\/pages\/79\/revisions"}],"predecessor-version":[{"id":13556,"href":"https:\/\/lebrac.es\/textil\/wp-json\/wp\/v2\/pages\/79\/revisions\/13556"}],"wp:attachment":[{"href":"https:\/\/lebrac.es\/textil\/wp-json\/wp\/v2\/media?parent=79"}],"curies":[{"name":"wp","href":"https:\/\/api.w.org\/{rel}","templated":true}]}}